{"id":4592,"date":"2024-09-26T09:27:45","date_gmt":"2024-09-26T09:27:45","guid":{"rendered":"https:\/\/wordpress.themehause.com\/donat\/?page_id=51"},"modified":"2025-05-27T08:26:28","modified_gmt":"2025-05-27T08:26:28","slug":"iletisim","status":"publish","type":"page","link":"https:\/\/yegem.org.tr\/index.php\/iletisim\/","title":{"rendered":"\u0130leti\u015fim"},"content":{"rendered":"\t\t<div data-elementor-type=\"wp-page\" data-elementor-id=\"4592\" class=\"elementor elementor-4592\">\n\t\t\t\t<div class=\"elementor-element elementor-element-49df371 e-flex e-con-boxed e-con e-parent\" data-id=\"49df371\" data-element_type=\"container\">\n\t\t\t\t\t<div class=\"e-con-inner\">\n\t\t\n\t\t<div class=\"elementor-element elementor-element-62f22e8 elementor-widget elementor-widget-donatcontactinfo\" data-id=\"62f22e8\" data-element_type=\"widget\" data-widget_type=\"donatcontactinfo.default\">\n\t\t\t\t<div class=\"elementor-widget-container\">\n\t\t\t\t\t<div class=\"contact-wrap1\"><div class=\"row gx-60 gy-40\"><div class=\"col-xl-4 col-lg-5\"><div class=\"contact-feature\"><div class=\"box-icon\" data-theme-color=\"\"><i class=\"fas fa-map-location-dot\"><\/i><\/div><div class=\"media-body\"><h3 class=\"box-title\">Adres<\/h3><p class=\"box-text\"> Yunus Emre, Atat\u00fcrk Cd. yaman sitesi no 11, 06630 Pursaklar\/Ankara<\/p><\/div><\/div><div class=\"contact-feature\"><div class=\"box-icon\" data-theme-color=\"#FFAC00\"><i class=\"fas fa-phone-volume\"><\/i><\/div><div class=\"media-body\"><h3 class=\"box-title\">Telefon<\/h3><p class=\"box-text\"> <p class=\"box-text\"><a href=\"tel:0312 312 21 12\">0312 312 21 12<\/a><\/p><\/p><\/div><\/div><div class=\"contact-feature\"><div class=\"box-icon\" data-theme-color=\"#122F2A\"><i class=\"fas fa-envelope\"><\/i><\/div><div class=\"media-body\"><h3 class=\"box-title\">E-posta<\/h3><p class=\"box-text\"> <p class=\"box-text\"><a href=\"mailto:info@yegem.org.tr\">info@yegem.org.tr<\/a><\/p>\n <p class=\"box-text\"><a href=\"mailto:info@yegemder.com.tr\">info@yegemder.com.tr<\/a><\/p><\/p><\/div><\/div><\/div><div class=\"col-xl-8 col-lg-7\"><div class=\"contact-map\"><iframe src=\"https:\/\/www.google.com\/maps\/embed?pb=!1m23!1m12!1m3!1d97757.1625299633!2d32.81641991126103!3d40.03275911766155!2m3!1f0!2f0!3f0!3m2!1i1024!2i768!4f13.1!4m8!3e6!4m0!4m5!1s0x4082098e991dd91d%3A0xc51a18be83700dfb!2sYunus%20Emre%2C%20Atat%C3%BCrk%20Cd.%20yaman%20sitesi%20no%2011%2C%2006630%20Pursaklar%2FAnkara!3m2!1d40.0327883!2d32.898820799999996!5e0!3m2!1str!2str!4v1747826970403!5m2!1str!2str\" allowfullscreen=\"\" loading=\"lazy\"><\/iframe><\/div><\/div><\/div><\/div>\t\t\t\t<\/div>\n\t\t\t\t<\/div>\n\t\t\t\t\t<\/div>\n\t\t\t\t<\/div>\n\t\t<div class=\"elementor-element elementor-element-e230c6b contact-page-form-wrap  e-flex e-con-boxed e-con e-parent\" data-id=\"e230c6b\" data-element_type=\"container\">\n\t\t\t\t\t<div class=\"e-con-inner\">\n\t\t<div class=\"elementor-element elementor-element-f2811b0 e-con-full e-flex e-con e-child\" data-id=\"f2811b0\" data-element_type=\"container\">\n\t\t\t\t<div class=\"elementor-element elementor-element-9ec7fc3 elementor-widget elementor-widget-donatimage\" data-id=\"9ec7fc3\" data-element_type=\"widget\" data-widget_type=\"donatimage.default\">\n\t\t\t\t<div class=\"elementor-widget-container\">\n\t\t\t\t\t<div class=\"contact-thumb1-1\"><img decoding=\"async\" src=\"https:\/\/yegem.org.tr\/wp-content\/uploads\/2025\/05\/2iletisim.png\" alt=\"2iletisim\"  \/><\/div>\t\t\t\t<\/div>\n\t\t\t\t<\/div>\n\t\t\t\t<\/div>\n\t\t<div class=\"elementor-element elementor-element-84e2eb2 e-con-full e-flex e-con e-child\" data-id=\"84e2eb2\" data-element_type=\"container\">\n\t\t\t\t<div class=\"elementor-element elementor-element-017cde7 elementor-widget elementor-widget-donatcontactform\" data-id=\"017cde7\" data-element_type=\"widget\" data-widget_type=\"donatcontactform.default\">\n\t\t\t\t<div class=\"elementor-widget-container\">\n\t\t\t\t\t<div class=\"add-team-form\"><div class=\"contact-form ajax-contact\">\n<div class=\"wpcf7 no-js\" id=\"wpcf7-f3141-o1\" lang=\"en-US\" dir=\"ltr\" data-wpcf7-id=\"3141\">\n<div class=\"screen-reader-response\"><p role=\"status\" aria-live=\"polite\" aria-atomic=\"true\"><\/p> <ul><\/ul><\/div>\n<form action=\"\/index.php\/wp-json\/wp\/v2\/pages\/4592#wpcf7-f3141-o1\" method=\"post\" class=\"wpcf7-form init\" aria-label=\"Contact form\" novalidate=\"novalidate\" data-status=\"init\">\n<div style=\"display: none;\">\n<input type=\"hidden\" name=\"_wpcf7\" value=\"3141\" \/>\n<input type=\"hidden\" name=\"_wpcf7_version\" value=\"6.0.6\" \/>\n<input type=\"hidden\" name=\"_wpcf7_locale\" value=\"en_US\" \/>\n<input type=\"hidden\" name=\"_wpcf7_unit_tag\" value=\"wpcf7-f3141-o1\" \/>\n<input type=\"hidden\" name=\"_wpcf7_container_post\" value=\"0\" \/>\n<input type=\"hidden\" name=\"_wpcf7_posted_data_hash\" value=\"\" \/>\n<\/div>\n<div class=\"row\">\n                        <div class=\"form-group style-border col-12\">\n<span class=\"wpcf7-form-control-wrap\" data-name=\"text-394\"><input size=\"40\" maxlength=\"400\" class=\"wpcf7-form-control wpcf7-text wpcf7-validates-as-required\" aria-required=\"true\" aria-invalid=\"false\" placeholder=\"Ad\u0131n\u0131z Soyad\u0131n\u0131z\" value=\"\" type=\"text\" name=\"text-394\" \/><\/span>\n                        <\/div>\n                        <div class=\"form-group style-border col-12\">\n<span class=\"wpcf7-form-control-wrap\" data-name=\"email-709\"><input size=\"40\" maxlength=\"400\" class=\"wpcf7-form-control wpcf7-email wpcf7-validates-as-required wpcf7-text wpcf7-validates-as-email form-control\" aria-required=\"true\" aria-invalid=\"false\" placeholder=\"E-posta Adresiniz\" value=\"\" type=\"email\" name=\"email-709\" \/><\/span>\n                        <\/div>\n                        <div class=\"form-group style-border col-12\">\n<span class=\"wpcf7-form-control-wrap\" data-name=\"number-296\"><input class=\"wpcf7-form-control wpcf7-number wpcf7-validates-as-required wpcf7-validates-as-number form-control\" aria-required=\"true\" aria-invalid=\"false\" placeholder=\"Telefon Numaran\u0131z\" value=\"\" type=\"number\" name=\"number-296\" \/><\/span>\n                        <\/div>\n                        <div class=\"form-group style-border col-12\">\n<span class=\"wpcf7-form-control-wrap\" data-name=\"textarea-678\"><textarea cols=\"40\" rows=\"10\" maxlength=\"2000\" class=\"wpcf7-form-control wpcf7-textarea wpcf7-validates-as-required form-control\" aria-required=\"true\" aria-invalid=\"false\" placeholder=\"Mesaj\u0131n\u0131z\" name=\"textarea-678\"><\/textarea><\/span>\n                        <\/div>\n                        <div class=\"form-btn col-12\">\n                            <button class=\"th-btn\">Mesaj G\u00f6nder<\/button>\n                        <\/div>\n                    <\/div><div class=\"wpcf7-response-output\" aria-hidden=\"true\"><\/div>\n<\/form>\n<\/div>\n<\/div><\/div>\t\t\t\t<\/div>\n\t\t\t\t<\/div>\n\t\t\t\t<\/div>\n\t\t\t\t\t<\/div>\n\t\t\t\t<\/div>\n\t\t\t\t<\/div>\n\t\t","protected":false},"excerpt":{"rendered":"<p>Adres Yunus Emre, Atat\u00fcrk Cd. yaman sitesi no 11, 06630 Pursaklar\/Ankara Telefon 0312 312 21 12 E-posta info@yegem.org.tr info@yegemder.com.tr Mesaj G\u00f6nder<\/p>\n","protected":false},"author":1,"featured_media":0,"parent":0,"menu_order":0,"comment_status":"closed","ping_status":"closed","template":"template-builder.php","meta":{"give_campaign_id":0,"_monsterinsights_skip_tracking":false,"_monsterinsights_sitenote_active":false,"_monsterinsights_sitenote_note":"","_monsterinsights_sitenote_category":0,"footnotes":""},"class_list":["post-4592","page","type-page","status-publish","hentry"],"aioseo_notices":[],"campaignId":"","_links":{"self":[{"href":"https:\/\/yegem.org.tr\/index.php\/wp-json\/wp\/v2\/pages\/4592","targetHints":{"allow":["GET"]}}],"collection":[{"href":"https:\/\/yegem.org.tr\/index.php\/wp-json\/wp\/v2\/pages"}],"about":[{"href":"https:\/\/yegem.org.tr\/index.php\/wp-json\/wp\/v2\/types\/page"}],"author":[{"embeddable":true,"href":"https:\/\/yegem.org.tr\/index.php\/wp-json\/wp\/v2\/users\/1"}],"replies":[{"embeddable":true,"href":"https:\/\/yegem.org.tr\/index.php\/wp-json\/wp\/v2\/comments?post=4592"}],"version-history":[{"count":24,"href":"https:\/\/yegem.org.tr\/index.php\/wp-json\/wp\/v2\/pages\/4592\/revisions"}],"predecessor-version":[{"id":5059,"href":"https:\/\/yegem.org.tr\/index.php\/wp-json\/wp\/v2\/pages\/4592\/revisions\/5059"}],"wp:attachment":[{"href":"https:\/\/yegem.org.tr\/index.php\/wp-json\/wp\/v2\/media?parent=4592"}],"curies":[{"name":"wp","href":"https:\/\/api.w.org\/{rel}","templated":true}]}}