{"id":4853,"date":"2025-05-21T13:56:26","date_gmt":"2025-05-21T13:56:26","guid":{"rendered":"https:\/\/yegem.org.tr\/?page_id=4853"},"modified":"2025-05-26T18:37:10","modified_gmt":"2025-05-26T18:37:10","slug":"gazze-bagisi","status":"publish","type":"page","link":"https:\/\/yegem.org.tr\/index.php\/gazze-bagisi\/","title":{"rendered":"Gazze Ba\u011f\u0131\u015f\u0131"},"content":{"rendered":"\t\t<div data-elementor-type=\"wp-post\" data-elementor-id=\"4853\" class=\"elementor elementor-4853\">\n\t\t\t\t<div class=\"elementor-element elementor-element-1cfca69 e-con-full e-flex e-con e-parent\" data-id=\"1cfca69\" data-element_type=\"container\">\n\t\t\n\t\t<div class=\"elementor-element elementor-element-88d434c elementor-widget elementor-widget-text-editor\" data-id=\"88d434c\" data-element_type=\"widget\" data-widget_type=\"text-editor.default\">\n\t\t\t\t<div class=\"elementor-widget-container\">\n\t\t\t\t\t\t\t\t\t<p><strong>Sessiz kalma, Gazze\u2019ye el uzat!<\/strong><\/p><p>Gazze\u2019de ya\u015fanan insanl\u0131k dram\u0131 her ge\u00e7en g\u00fcn b\u00fcy\u00fcyor. Bombard\u0131man alt\u0131nda kalan binlerce masum insan; a\u00e7l\u0131kla, susuzlukla ve \u00f6l\u00fcmle kar\u015f\u0131 kar\u015f\u0131ya. En temel ihtiya\u00e7lardan yoksun kalan \u00e7ocuklar, ya\u015fl\u0131lar ve kad\u0131nlar hayatta kalma m\u00fccadelesi veriyor.<\/p><p><strong>YEGEM Derne\u011fi olarak, bu zulme sessiz kalm\u0131yor; Gazze halk\u0131n\u0131n yaralar\u0131n\u0131 sarmak i\u00e7in acil yard\u0131m kampanyam\u0131z\u0131 s\u00fcrd\u00fcr\u00fcyoruz<\/strong>.<\/p><h3 class=\"wp-block-heading\"><strong>BA\u011eI\u015eLAR NASIL ULA\u015eTIRILIYOR?<\/strong><\/h3><p>YEGEM Derne\u011fi olarak, Gazze\u2019deki yerel i\u015f ortaklar\u0131m\u0131z ve uluslararas\u0131 yard\u0131m kurulu\u015flar\u0131yla i\u015f birli\u011fi i\u00e7inde \u00e7al\u0131\u015f\u0131yoruz.<\/p><ul class=\"wp-block-list\"><li>Ba\u011f\u0131\u015flar\u0131n\u0131zla haz\u0131rlanan yard\u0131m paketleri b\u00f6lgeye g\u00fcvenli yollarla ula\u015ft\u0131r\u0131l\u0131yor.<\/li><li>Her teslimat \u00f6ncesi ve sonras\u0131 raporlan\u0131yor ve s\u00fcrecin takibi sa\u011flan\u0131yor.<\/li><li>Dileyen ba\u011f\u0131\u015f\u00e7\u0131lara bilgilendirme ve g\u00f6rsel dok\u00fcmantasyon sa\u011flan\u0131yor.<\/li><li>T\u00fcm ba\u011f\u0131\u015f s\u00fcreci kay\u0131t alt\u0131na al\u0131narak \u015feffaf \u015fekilde y\u00fcr\u00fct\u00fcl\u00fcyor.<\/li><\/ul><p>Siz destek verirken, biz emanetinizi en g\u00fcvenli \u015fekilde ihtiya\u00e7 sahiplerine ula\u015ft\u0131r\u0131yoruz.<\/p><hr class=\"wp-block-separator has-alpha-channel-opacity\" \/><h3 class=\"wp-block-heading\">\ud83d\udc94\u00a0<strong>Gazze\u2019nin sesi olun! Umut olun!<\/strong><\/h3><p><strong>Ba\u011f\u0131\u015flar\u0131n\u0131z\u0131 a\u015fa\u011f\u0131da verilen IBAN numaras\u0131na yapabilirsiniz:<\/strong><\/p><p><strong>Banka:\u00a0<\/strong><strong><img decoding=\"async\" class=\"wp-image-4908 alignnone\" src=\"https:\/\/yegem.org.tr\/wp-content\/uploads\/2025\/05\/albaraka_logo.png\" alt=\"\" width=\"112\" height=\"28\" srcset=\"https:\/\/yegem.org.tr\/wp-content\/uploads\/2025\/05\/albaraka_logo.png 300w, https:\/\/yegem.org.tr\/wp-content\/uploads\/2025\/05\/albaraka_logo-294x75.png 294w\" sizes=\"(max-width: 112px) 100vw, 112px\" \/><\/strong><strong>Albarakat\u00fcrk<\/strong><\/p><p><strong>IBAN:<\/strong> TR65 0020 3000 1032 3150 0000\u00a001<\/p><p><strong data-start=\"1718\" data-end=\"1731\">A\u00e7\u0131klama:<\/strong> &#8220;Gazze&#8221;<\/p><p><strong>Al\u0131c\u0131 Ad\u0131-Soyad\u0131: <\/strong>Uluslararas\u0131 Yeni Nesil Gen\u00e7lik ve E\u011fitim\u00a0Derne\u011fi<\/p>\t\t\t\t\t\t\t\t<\/div>\n\t\t\t\t<\/div>\n\t\t\t\t<\/div>\n\t\t<div class=\"elementor-element elementor-element-6966af6 e-flex e-con-boxed e-con e-parent\" data-id=\"6966af6\" data-element_type=\"container\">\n\t\t\t\t\t<div class=\"e-con-inner\">\n\t\t<div class=\"elementor-element elementor-element-6d77c62 e-con-full e-flex e-con e-child\" data-id=\"6d77c62\" data-element_type=\"container\">\n\t\t\t\t<\/div>\n\t\t\t\t\t<\/div>\n\t\t\t\t<\/div>\n\t\t\t\t<\/div>\n\t\t","protected":false},"excerpt":{"rendered":"<p>Sessiz kalma, Gazze\u2019ye el uzat! Gazze\u2019de ya\u015fanan insanl\u0131k dram\u0131 her ge\u00e7en g\u00fcn b\u00fcy\u00fcyor. Bombard\u0131man alt\u0131nda kalan binlerce masum insan; a\u00e7l\u0131kla, susuzlukla ve \u00f6l\u00fcmle kar\u015f\u0131 kar\u015f\u0131ya. En temel ihtiya\u00e7lardan yoksun kalan \u00e7ocuklar, ya\u015fl\u0131lar ve kad\u0131nlar hayatta kalma m\u00fccadelesi veriyor. YEGEM Derne\u011fi olarak, bu zulme sessiz kalm\u0131yor; Gazze halk\u0131n\u0131n yaralar\u0131n\u0131 sarmak i\u00e7in acil yard\u0131m kampanyam\u0131z\u0131 s\u00fcrd\u00fcr\u00fcyoruz. BA\u011eI\u015eLAR&#8230;<\/p>\n","protected":false},"author":1,"featured_media":0,"parent":0,"menu_order":0,"comment_status":"closed","ping_status":"closed","template":"","meta":{"give_campaign_id":0,"_monsterinsights_skip_tracking":false,"_monsterinsights_sitenote_active":false,"_monsterinsights_sitenote_note":"","_monsterinsights_sitenote_category":0,"footnotes":""},"class_list":["post-4853","page","type-page","status-publish","hentry","page--item"],"aioseo_notices":[],"campaignId":"","_links":{"self":[{"href":"https:\/\/yegem.org.tr\/index.php\/wp-json\/wp\/v2\/pages\/4853","targetHints":{"allow":["GET"]}}],"collection":[{"href":"https:\/\/yegem.org.tr\/index.php\/wp-json\/wp\/v2\/pages"}],"about":[{"href":"https:\/\/yegem.org.tr\/index.php\/wp-json\/wp\/v2\/types\/page"}],"author":[{"embeddable":true,"href":"https:\/\/yegem.org.tr\/index.php\/wp-json\/wp\/v2\/users\/1"}],"replies":[{"embeddable":true,"href":"https:\/\/yegem.org.tr\/index.php\/wp-json\/wp\/v2\/comments?post=4853"}],"version-history":[{"count":24,"href":"https:\/\/yegem.org.tr\/index.php\/wp-json\/wp\/v2\/pages\/4853\/revisions"}],"predecessor-version":[{"id":5009,"href":"https:\/\/yegem.org.tr\/index.php\/wp-json\/wp\/v2\/pages\/4853\/revisions\/5009"}],"wp:attachment":[{"href":"https:\/\/yegem.org.tr\/index.php\/wp-json\/wp\/v2\/media?parent=4853"}],"curies":[{"name":"wp","href":"https:\/\/api.w.org\/{rel}","templated":true}]}}