{"id":4898,"date":"2025-05-23T17:00:20","date_gmt":"2025-05-23T17:00:20","guid":{"rendered":"https:\/\/yegem.org.tr\/?page_id=4898"},"modified":"2025-05-26T18:45:26","modified_gmt":"2025-05-26T18:45:26","slug":"bagis","status":"publish","type":"page","link":"https:\/\/yegem.org.tr\/index.php\/bagis\/","title":{"rendered":"Ba\u011f\u0131\u015f"},"content":{"rendered":"\t\t<div data-elementor-type=\"wp-post\" data-elementor-id=\"4898\" class=\"elementor elementor-4898\">\n\t\t\t\t<div class=\"elementor-element elementor-element-e0994f0 e-con-full e-flex e-con e-parent\" data-id=\"e0994f0\" data-element_type=\"container\">\n\t\t<div class=\"elementor-element elementor-element-3be6bf2 e-con-full e-flex e-con e-child\" data-id=\"3be6bf2\" data-element_type=\"container\" data-settings=\"{&quot;background_background&quot;:&quot;classic&quot;}\">\n\t\t<div class=\"elementor-element elementor-element-ad6c011 e-con-full e-flex e-con e-child\" data-id=\"ad6c011\" data-element_type=\"container\">\n\t\t\n\t\t<div class=\"elementor-element elementor-element-eedeeef elementor-widget elementor-widget-donatsectiontitle\" data-id=\"eedeeef\" data-element_type=\"widget\" data-widget_type=\"donatsectiontitle.default\">\n\t\t\t\t<div class=\"elementor-widget-container\">\n\t\t\t\t\t\t\t<div class=\"title-area text-left title-area\">\n\t\t\t<span class=\"sub-title sub-title before-none after-none\">BA\u011eI\u015e KATEGOR\u0130LER\u0130<\/span><h2 class=\"sec-title \">T\u00fcm Ba\u011f\u0131\u015f Kampanyalar\u0131m\u0131z<\/h2>\t\t<\/div>\n\n\t\t\t\t\t<\/div>\n\t\t\t\t<\/div>\n\t\t\t\t<\/div>\n\t\t<div class=\"elementor-element elementor-element-91e8568 e-con-full e-flex e-con e-child\" data-id=\"91e8568\" data-element_type=\"container\">\n\t\t\t\t<div class=\"elementor-element elementor-element-a742827 elementor-widget elementor-widget-donatservice\" data-id=\"a742827\" data-element_type=\"widget\" data-widget_type=\"donatservice.default\">\n\t\t\t\t<div class=\"elementor-widget-container\">\n\t\t\t\t\t<div class=\"row gy-30 gx-30 justify-content-center\"><div class=\"col-xl-4 col-md-6\"><div class=\"service-card style2\"><div class=\"box-content\"><h3 class=\"box-title\"><a href=\"https:\/\/yegem.org.tr\/index.php\/kurban-bagisi\/\">Kurban Ba\u011f\u0131\u015f\u0131<\/a><\/h3><a href=\"https:\/\/yegem.org.tr\/index.php\/kurban-bagisi\/\" class=\"th-btn\">Detayl\u0131 Bilgi<i class=\"fas fa-arrow-up-right ms-2\"><\/i><\/a><\/div><\/div><\/div><div class=\"col-xl-4 col-md-6\"><div class=\"service-card style2\"><div class=\"box-content\"><h3 class=\"box-title\"><a href=\"https:\/\/yegem.org.tr\/index.php\/zekat-bagisi\/\">Zekat Ba\u011f\u0131\u015f\u0131<\/a><\/h3><a href=\"https:\/\/yegem.org.tr\/index.php\/zekat-bagisi\/\" class=\"th-btn\">Detayl\u0131 Bilgi<i class=\"fas fa-arrow-up-right ms-2\"><\/i><\/a><\/div><\/div><\/div><div class=\"col-xl-4 col-md-6\"><div class=\"service-card style2\"><div class=\"box-content\"><h3 class=\"box-title\"><a href=\"https:\/\/yegem.org.tr\/index.php\/gazze-bagisi\/\">Gazze Ba\u011f\u0131\u015f\u0131<\/a><\/h3><a href=\"https:\/\/yegem.org.tr\/index.php\/gazze-bagisi\/\" class=\"th-btn\">Detayl\u0131 Bilgi<i class=\"fas fa-arrow-up-right ms-2\"><\/i><\/a><\/div><\/div><\/div><div class=\"col-xl-4 col-md-6\"><div class=\"service-card style2\"><div class=\"box-content\"><h3 class=\"box-title\"><a href=\"https:\/\/yegem.org.tr\/index.php\/aile-destek-bagisi\/\">Aile Destek Ba\u011f\u0131\u015f\u0131<\/a><\/h3><a href=\"https:\/\/yegem.org.tr\/index.php\/aile-destek-bagisi\/\" class=\"th-btn\">Detayl\u0131 Bilgi<i class=\"fas fa-arrow-up-right ms-2\"><\/i><\/a><\/div><\/div><\/div><div class=\"col-xl-4 col-md-6\"><div class=\"service-card style2\"><div class=\"box-content\"><h3 class=\"box-title\"><a href=\"https:\/\/yegem.org.tr\/index.php\/yetim-ceyiz-bagisi\/\">Yetim \u00c7eyiz Ba\u011f\u0131\u015f\u0131<\/a><\/h3><a href=\"https:\/\/yegem.org.tr\/index.php\/yetim-ceyiz-bagisi\/\" class=\"th-btn\">Detayl\u0131 Bilgi<i class=\"fas fa-arrow-up-right ms-2\"><\/i><\/a><\/div><\/div><\/div><div class=\"col-xl-4 col-md-6\"><div class=\"service-card style2\"><div class=\"box-content\"><h3 class=\"box-title\"><a href=\"https:\/\/yegem.org.tr\/index.php\/egitim-hamiligi\/\">E\u011fitim Hamili\u011fi<\/a><\/h3><a href=\"https:\/\/yegem.org.tr\/index.php\/egitim-hamiligi\/\" class=\"th-btn\">Detayl\u0131 Bilgi<i class=\"fas fa-arrow-up-right ms-2\"><\/i><\/a><\/div><\/div><\/div><div class=\"col-xl-4 col-md-6\"><div class=\"service-card style2\"><div class=\"box-content\"><h3 class=\"box-title\"><a href=\"https:\/\/yegem.org.tr\/index.php\/yetim-kirtasiye-bagisi\/\">Yetim K\u0131rtasiye Ba\u011f\u0131\u015f\u0131<\/a><\/h3><a href=\"https:\/\/yegem.org.tr\/index.php\/yetim-kirtasiye-bagisi\/\" class=\"th-btn\">Detayl\u0131 Bilgi<i class=\"fas fa-arrow-up-right ms-2\"><\/i><\/a><\/div><\/div><\/div><\/div>\t\t\t\t<\/div>\n\t\t\t\t<\/div>\n\t\t\t\t<\/div>\n\t\t\t\t<\/div>\n\t\t\t\t<\/div>\n\t\t\t\t<\/div>\n\t\t","protected":false},"excerpt":{"rendered":"<p>BA\u011eI\u015e KATEGOR\u0130LER\u0130 T\u00fcm Ba\u011f\u0131\u015f Kampanyalar\u0131m\u0131z Kurban Ba\u011f\u0131\u015f\u0131 Detayl\u0131 Bilgi Zekat Ba\u011f\u0131\u015f\u0131 Detayl\u0131 Bilgi Gazze Ba\u011f\u0131\u015f\u0131 Detayl\u0131 Bilgi Aile Destek Ba\u011f\u0131\u015f\u0131 Detayl\u0131 Bilgi Yetim \u00c7eyiz Ba\u011f\u0131\u015f\u0131 Detayl\u0131 Bilgi E\u011fitim Hamili\u011fi Detayl\u0131 Bilgi Yetim K\u0131rtasiye Ba\u011f\u0131\u015f\u0131 Detayl\u0131 Bilgi<\/p>\n","protected":false},"author":1,"featured_media":0,"parent":0,"menu_order":0,"comment_status":"closed","ping_status":"closed","template":"","meta":{"give_campaign_id":0,"_monsterinsights_skip_tracking":false,"_monsterinsights_sitenote_active":false,"_monsterinsights_sitenote_note":"","_monsterinsights_sitenote_category":0,"footnotes":""},"class_list":["post-4898","page","type-page","status-publish","hentry","page--item"],"aioseo_notices":[],"campaignId":"","_links":{"self":[{"href":"https:\/\/yegem.org.tr\/index.php\/wp-json\/wp\/v2\/pages\/4898","targetHints":{"allow":["GET"]}}],"collection":[{"href":"https:\/\/yegem.org.tr\/index.php\/wp-json\/wp\/v2\/pages"}],"about":[{"href":"https:\/\/yegem.org.tr\/index.php\/wp-json\/wp\/v2\/types\/page"}],"author":[{"embeddable":true,"href":"https:\/\/yegem.org.tr\/index.php\/wp-json\/wp\/v2\/users\/1"}],"replies":[{"embeddable":true,"href":"https:\/\/yegem.org.tr\/index.php\/wp-json\/wp\/v2\/comments?post=4898"}],"version-history":[{"count":13,"href":"https:\/\/yegem.org.tr\/index.php\/wp-json\/wp\/v2\/pages\/4898\/revisions"}],"predecessor-version":[{"id":5030,"href":"https:\/\/yegem.org.tr\/index.php\/wp-json\/wp\/v2\/pages\/4898\/revisions\/5030"}],"wp:attachment":[{"href":"https:\/\/yegem.org.tr\/index.php\/wp-json\/wp\/v2\/media?parent=4898"}],"curies":[{"name":"wp","href":"https:\/\/api.w.org\/{rel}","templated":true}]}}