{"id":4931,"date":"2025-05-26T18:02:55","date_gmt":"2025-05-26T18:02:55","guid":{"rendered":"https:\/\/yegem.org.tr\/?page_id=4931"},"modified":"2025-05-26T18:06:42","modified_gmt":"2025-05-26T18:06:42","slug":"kurban-bagisi","status":"publish","type":"page","link":"https:\/\/yegem.org.tr\/index.php\/kurban-bagisi\/","title":{"rendered":"Kurban Ba\u011f\u0131\u015f\u0131"},"content":{"rendered":"\t\t<div data-elementor-type=\"wp-post\" data-elementor-id=\"4931\" class=\"elementor elementor-4931\">\n\t\t\t\t<div class=\"elementor-element elementor-element-b1b1126 e-flex e-con-boxed e-con e-parent\" data-id=\"b1b1126\" data-element_type=\"container\">\n\t\t\t\t\t<div class=\"e-con-inner\">\n\t\t\t\t<div class=\"elementor-element elementor-element-6d528b8 elementor-widget elementor-widget-image\" data-id=\"6d528b8\" data-element_type=\"widget\" data-widget_type=\"image.default\">\n\t\t\t\t<div class=\"elementor-widget-container\">\n\t\t\t\t\t\t\t\t\t\t\t\t\t\t\t<img fetchpriority=\"high\" decoding=\"async\" width=\"723\" height=\"1024\" src=\"https:\/\/yegem.org.tr\/wp-content\/uploads\/2025\/05\/WhatsApp-Gorsel-2025-05-24-saat-00.10.17_906ca0ae-723x1024.jpg\" class=\"attachment-large size-large wp-image-4936\" alt=\"\" srcset=\"https:\/\/yegem.org.tr\/wp-content\/uploads\/2025\/05\/WhatsApp-Gorsel-2025-05-24-saat-00.10.17_906ca0ae-723x1024.jpg 723w, https:\/\/yegem.org.tr\/wp-content\/uploads\/2025\/05\/WhatsApp-Gorsel-2025-05-24-saat-00.10.17_906ca0ae-212x300.jpg 212w, https:\/\/yegem.org.tr\/wp-content\/uploads\/2025\/05\/WhatsApp-Gorsel-2025-05-24-saat-00.10.17_906ca0ae-768x1088.jpg 768w, https:\/\/yegem.org.tr\/wp-content\/uploads\/2025\/05\/WhatsApp-Gorsel-2025-05-24-saat-00.10.17_906ca0ae-1085x1536.jpg 1085w, https:\/\/yegem.org.tr\/wp-content\/uploads\/2025\/05\/WhatsApp-Gorsel-2025-05-24-saat-00.10.17_906ca0ae-600x850.jpg 600w, https:\/\/yegem.org.tr\/wp-content\/uploads\/2025\/05\/WhatsApp-Gorsel-2025-05-24-saat-00.10.17_906ca0ae.jpg 1446w\" sizes=\"(max-width: 723px) 100vw, 723px\" \/>\t\t\t\t\t\t\t\t\t\t\t\t\t\t\t<\/div>\n\t\t\t\t<\/div>\n\t\t\t\t\t<\/div>\n\t\t\t\t<\/div>\n\t\t<div class=\"elementor-element elementor-element-1cfca69 e-con-full e-flex e-con e-parent\" data-id=\"1cfca69\" data-element_type=\"container\">\n\t\t\n\t\t<div class=\"elementor-element elementor-element-88d434c elementor-widget elementor-widget-text-editor\" data-id=\"88d434c\" data-element_type=\"widget\" data-widget_type=\"text-editor.default\">\n\t\t\t\t<div class=\"elementor-widget-container\">\n\t\t\t\t\t\t\t\t\t<h3 class=\"wp-block-heading\">Payla\u015fman\u0131n En G\u00fczel H\u00e2li: Kurban<\/h3><p>Kurban Bayram\u0131, Allah\u2019a yak\u0131nla\u015fman\u0131n, karde\u015fli\u011fi peki\u015ftirmenin ve payla\u015fman\u0131n en \u00f6zel zaman\u0131d\u0131r. YEGEM Derne\u011fi olarak her y\u0131l oldu\u011fu gibi bu y\u0131l da kurbanlar\u0131n\u0131z\u0131 ger\u00e7ek ihtiya\u00e7 sahiplerine ula\u015ft\u0131rmak i\u00e7in \u00e7al\u0131\u015f\u0131yoruz.<\/p><p><strong>Yegem olarak her yetim ve \u00f6ks\u00fcz aileye 1 hissenin tamam\u0131n\u0131 vererek uzun s\u00fcre et ihtiyac\u0131 kar\u015f\u0131lan\u0131r<\/strong><\/p><p><strong>Kurban Ba\u011f\u0131\u015f\u0131 Kampanyam\u0131zla<\/strong>, \u00fclkemizde ve farkl\u0131 co\u011frafyalarda ya\u015fayan binlerce ihtiya\u00e7 sahibine kurban etlerini ula\u015ft\u0131r\u0131yoruz. Siz de bir kurbanla, bir sofray\u0131 bereketlendirebilir, bir kalbe umut olabilirsiniz.<\/p><hr class=\"wp-block-separator has-alpha-channel-opacity\" \/><h3 class=\"wp-block-heading\"><strong>Kurbanlar\u0131n\u0131z Nas\u0131l Kesiliyor ve Ula\u015ft\u0131r\u0131l\u0131yor?<\/strong><\/h3><ul class=\"wp-block-list\"><li>Kurbanlar\u0131n\u0131z, \u0130slami usullere ve hijyen kurallar\u0131na uygun olarak kesilir.<\/li><li>Kesim i\u015flemi uzman ekiplerimiz ve g\u00fcvenilir i\u015f ortaklar\u0131m\u0131z taraf\u0131ndan ger\u00e7ekle\u015ftirilir.<\/li><li>Her bir kurban, \u00f6nceden tespit edilmi\u015f ihtiya\u00e7 sahibi ailelere taze et olarak da\u011f\u0131t\u0131l\u0131r.<\/li><li>Ba\u011f\u0131\u015f\u00e7\u0131lar\u0131m\u0131za kesim sonras\u0131 bilgilendirme mesaj\u0131 g\u00f6nderilir, dileyenlere foto\u011fraf ve teslim raporu sunulur.<\/li><\/ul><hr class=\"wp-block-separator has-alpha-channel-opacity\" \/><h3 class=\"wp-block-heading\">\ud83d\udcac\u00a0<strong>Neden YEGEM ile Kurban Ba\u011f\u0131\u015f\u0131?<\/strong><\/h3><p>\u2705 G\u00fcvenilir ve \u015feffaf yard\u0131m s\u00fcreci<br \/>\u2705 \u0130slami esaslara uygun kesim<br \/>\u2705 Geni\u015f da\u011f\u0131t\u0131m a\u011f\u0131 ile ger\u00e7ek ihtiya\u00e7 sahiplerine ula\u015f\u0131m<br \/>\u2705 Ba\u011f\u0131\u015f\u00e7\u0131lara g\u00f6rsel ve yaz\u0131l\u0131 bilgilendirme<\/p><p>Kurban ibadetinizi huzurla yerine getirmek ve iyili\u011fe ortak olmak i\u00e7in YEGEM Derne\u011fi g\u00fcvencesiyle ba\u011f\u0131\u015f\u0131n\u0131z\u0131 yapabilirsiniz.<\/p><hr class=\"wp-block-separator has-alpha-channel-opacity\" \/><h3 class=\"wp-block-heading\">\ud83d\udcb3\u00a0<strong>Kurban Ba\u011f\u0131\u015f Bedeli:<\/strong><\/h3><p><strong>Hisse Bedeli: 7500\u20ba<\/strong><\/p><hr class=\"wp-block-separator has-alpha-channel-opacity\" \/><h3 class=\"wp-block-heading\">\ud83d\udd4c\u00a0<strong>Ba\u011f\u0131\u015flar\u0131n\u0131z\u0131 a\u015fa\u011f\u0131da verilen IBAN numaras\u0131na yapabilirsiniz:<\/strong><\/h3><p><strong>Ba\u011f\u0131\u015flar\u0131n\u0131z\u0131 a\u015fa\u011f\u0131da verilen IBAN numaras\u0131na yapabilirsiniz:<\/strong><\/p><p><strong>Banka:\u00a0<\/strong><strong><img decoding=\"async\" class=\"wp-image-4908 alignnone\" src=\"https:\/\/yegem.org.tr\/wp-content\/uploads\/2025\/05\/albaraka_logo.png\" sizes=\"(max-width: 112px) 100vw, 112px\" srcset=\"https:\/\/yegem.org.tr\/wp-content\/uploads\/2025\/05\/albaraka_logo.png 300w, https:\/\/yegem.org.tr\/wp-content\/uploads\/2025\/05\/albaraka_logo-294x75.png 294w\" alt=\"\" width=\"112\" height=\"28\" \/><\/strong><strong>Albarakat\u00fcrk<\/strong><\/p><p><strong>IBAN:<\/strong>\u00a0TR65 0020 3000 1032 3150 0000\u00a001<\/p><p><strong data-start=\"1718\" data-end=\"1731\">A\u00e7\u0131klama:<\/strong> \u201cKurban\u201d<\/p><p><strong>Al\u0131c\u0131 Ad\u0131-Soyad\u0131:\u00a0<\/strong>Uluslararas\u0131 Yeni Nesil Gen\u00e7lik ve E\u011fitim\u00a0Derne\u011fi<\/p>\t\t\t\t\t\t\t\t<\/div>\n\t\t\t\t<\/div>\n\t\t\t\t<\/div>\n\t\t\t\t<\/div>\n\t\t","protected":false},"excerpt":{"rendered":"<p>Payla\u015fman\u0131n En G\u00fczel H\u00e2li: Kurban Kurban Bayram\u0131, Allah\u2019a yak\u0131nla\u015fman\u0131n, karde\u015fli\u011fi peki\u015ftirmenin ve payla\u015fman\u0131n en \u00f6zel zaman\u0131d\u0131r. YEGEM Derne\u011fi olarak her y\u0131l oldu\u011fu gibi bu y\u0131l da kurbanlar\u0131n\u0131z\u0131 ger\u00e7ek ihtiya\u00e7 sahiplerine ula\u015ft\u0131rmak i\u00e7in \u00e7al\u0131\u015f\u0131yoruz. Yegem olarak her yetim ve \u00f6ks\u00fcz aileye 1 hissenin tamam\u0131n\u0131 vererek uzun s\u00fcre et ihtiyac\u0131 kar\u015f\u0131lan\u0131r Kurban Ba\u011f\u0131\u015f\u0131 Kampanyam\u0131zla, \u00fclkemizde ve farkl\u0131&#8230;<\/p>\n","protected":false},"author":1,"featured_media":0,"parent":0,"menu_order":0,"comment_status":"closed","ping_status":"closed","template":"","meta":{"give_campaign_id":0,"_monsterinsights_skip_tracking":false,"_monsterinsights_sitenote_active":false,"_monsterinsights_sitenote_note":"","_monsterinsights_sitenote_category":0,"footnotes":""},"class_list":["post-4931","page","type-page","status-publish","hentry","page--item"],"aioseo_notices":[],"campaignId":"","_links":{"self":[{"href":"https:\/\/yegem.org.tr\/index.php\/wp-json\/wp\/v2\/pages\/4931","targetHints":{"allow":["GET"]}}],"collection":[{"href":"https:\/\/yegem.org.tr\/index.php\/wp-json\/wp\/v2\/pages"}],"about":[{"href":"https:\/\/yegem.org.tr\/index.php\/wp-json\/wp\/v2\/types\/page"}],"author":[{"embeddable":true,"href":"https:\/\/yegem.org.tr\/index.php\/wp-json\/wp\/v2\/users\/1"}],"replies":[{"embeddable":true,"href":"https:\/\/yegem.org.tr\/index.php\/wp-json\/wp\/v2\/comments?post=4931"}],"version-history":[{"count":7,"href":"https:\/\/yegem.org.tr\/index.php\/wp-json\/wp\/v2\/pages\/4931\/revisions"}],"predecessor-version":[{"id":4939,"href":"https:\/\/yegem.org.tr\/index.php\/wp-json\/wp\/v2\/pages\/4931\/revisions\/4939"}],"wp:attachment":[{"href":"https:\/\/yegem.org.tr\/index.php\/wp-json\/wp\/v2\/media?parent=4931"}],"curies":[{"name":"wp","href":"https:\/\/api.w.org\/{rel}","templated":true}]}}