{"id":4940,"date":"2025-05-26T18:09:07","date_gmt":"2025-05-26T18:09:07","guid":{"rendered":"https:\/\/yegem.org.tr\/?page_id=4940"},"modified":"2025-05-26T18:12:39","modified_gmt":"2025-05-26T18:12:39","slug":"egitim-hamiligi","status":"publish","type":"page","link":"https:\/\/yegem.org.tr\/index.php\/egitim-hamiligi\/","title":{"rendered":"E\u011fitim Hamili\u011fi"},"content":{"rendered":"\t\t<div data-elementor-type=\"wp-post\" data-elementor-id=\"4940\" class=\"elementor elementor-4940\">\n\t\t\t\t<div class=\"elementor-element elementor-element-1cfca69 e-con-full e-flex e-con e-parent\" data-id=\"1cfca69\" data-element_type=\"container\">\n\t\t\n\t\t<div class=\"elementor-element elementor-element-88d434c elementor-widget elementor-widget-text-editor\" data-id=\"88d434c\" data-element_type=\"widget\" data-widget_type=\"text-editor.default\">\n\t\t\t\t<div class=\"elementor-widget-container\">\n\t\t\t\t\t\t\t\t\t<p><strong>YEGEM Derne\u011fi \u2013 E\u011fitim Hamili\u011fi Program\u0131<\/strong><\/p><p>E\u011fitim, yoksullu\u011fun zincirini k\u0131ran en g\u00fc\u00e7l\u00fc anahtard\u0131r. Ancak imk\u00e2ns\u0131zl\u0131klar nedeniyle pek \u00e7ok \u00e7ocuk, hayallerine veda etmek zorunda kal\u0131yor. YEGEM Derne\u011fi olarak bu zinciri k\u0131rmak, \u00e7ocuklar\u0131m\u0131z\u0131n gelece\u011fini yeniden in\u015fa etmek i\u00e7in\u00a0<strong>E\u011fitim Hamili\u011fi Program\u0131<\/strong>n\u0131 hayata ge\u00e7iriyoruz.<\/p><p>Bu programla; ihtiya\u00e7 sahibi, yetim ya da dezavantajl\u0131 \u00f6\u011frencilerin e\u011fitim hayatlar\u0131 boyunca maddi ve manevi destek\u00e7isi oluyoruz. Siz de bir \u00f6\u011frencinin e\u011fitim hamisi olarak onun hayat\u0131nda fark yaratabilirsiniz.<\/p><hr class=\"wp-block-separator has-alpha-channel-opacity\" \/><h3 class=\"wp-block-heading\">\ud83c\udf93\u00a0<strong>E\u011fitim Hamili\u011fi ile Neler Sa\u011flan\u0131yor?<\/strong><\/h3><p>\u2705 K\u0131rtasiye ve okul malzemeleri deste\u011fi<br \/>\u2705 Okul k\u0131yafeti ve \u00e7anta temini<br \/>\u2705 Servis, har\u00e7l\u0131k veya burs deste\u011fi<br \/>\u2705 E\u011fitim dan\u0131\u015fmanl\u0131\u011f\u0131 ve rehberlik<br \/>\u2705 Manevi destek ve ileti\u015fim a\u011f\u0131<\/p><hr class=\"wp-block-separator has-alpha-channel-opacity\" \/><h3 class=\"wp-block-heading\">\ud83e\udd1d\u00a0<strong>Ba\u011f\u0131\u015flar Nas\u0131l Ula\u015ft\u0131r\u0131l\u0131yor?<\/strong><\/h3><ul class=\"wp-block-list\"><li>YEGEM g\u00f6n\u00fcll\u00fc ekipleri taraf\u0131ndan ihtiya\u00e7 sahibi \u00f6\u011frenciler belirlenir.<\/li><li>Her \u00f6\u011frenci i\u00e7in detayl\u0131 bir destek plan\u0131 olu\u015fturulur.<\/li><li>Hamiler, dilerlerse destek olduklar\u0131 \u00f6\u011frenciler hakk\u0131nda bilgilendirilir.<\/li><li>T\u00fcm ba\u011f\u0131\u015f s\u00fcreci \u015feffafl\u0131kla y\u00fcr\u00fct\u00fcl\u00fcr ve d\u00fczenli raporlarla desteklenir.<\/li><\/ul><p>Siz bir \u00e7ocu\u011fun hamisi olun, biz sizin ad\u0131n\u0131za e\u011fitime k\u00f6pr\u00fc olal\u0131m.<br \/><strong>Unutmay\u0131n: Bir \u00e7ocuk de\u011fi\u015fir, bir d\u00fcnya de\u011fi\u015fir.<\/strong><\/p><hr class=\"wp-block-separator has-alpha-channel-opacity\" \/><h3 class=\"wp-block-heading\">\ud83d\udcda\u00a0<strong>Ba\u011f\u0131\u015flar\u0131n\u0131z\u0131 a\u015fa\u011f\u0131da verilen IBAN numaras\u0131na yapabilirsiniz:<\/strong><\/h3><p><strong>Ba\u011f\u0131\u015flar\u0131n\u0131z\u0131 a\u015fa\u011f\u0131da verilen IBAN numaras\u0131na yapabilirsiniz:<\/strong><\/p><p><strong>Banka:\u00a0<\/strong><strong><img decoding=\"async\" class=\"wp-image-4908 alignnone\" src=\"https:\/\/yegem.org.tr\/wp-content\/uploads\/2025\/05\/albaraka_logo.png\" sizes=\"(max-width: 112px) 100vw, 112px\" srcset=\"https:\/\/yegem.org.tr\/wp-content\/uploads\/2025\/05\/albaraka_logo.png 300w, https:\/\/yegem.org.tr\/wp-content\/uploads\/2025\/05\/albaraka_logo-294x75.png 294w\" alt=\"\" width=\"112\" height=\"28\" \/><\/strong><strong>Albarakat\u00fcrk<\/strong><\/p><p><strong>IBAN:<\/strong>\u00a0TR65 0020 3000 1032 3150 0000\u00a001<\/p><p><strong data-start=\"1718\" data-end=\"1731\">A\u00e7\u0131klama:<\/strong> \u201cE\u011fitim Hamili\u011fi\u201d<\/p><p><strong>Al\u0131c\u0131 Ad\u0131-Soyad\u0131:\u00a0<\/strong>Uluslararas\u0131 Yeni Nesil Gen\u00e7lik ve E\u011fitim\u00a0Derne\u011fi<\/p>\t\t\t\t\t\t\t\t<\/div>\n\t\t\t\t<\/div>\n\t\t\t\t<\/div>\n\t\t<div class=\"elementor-element elementor-element-073d375 e-flex e-con-boxed e-con e-parent\" data-id=\"073d375\" data-element_type=\"container\">\n\t\t\t\t\t<div class=\"e-con-inner\">\n\t\t\t\t<div class=\"elementor-element elementor-element-e7ec157 gallery-spacing-custom elementor-widget elementor-widget-image-gallery\" data-id=\"e7ec157\" data-element_type=\"widget\" data-widget_type=\"image-gallery.default\">\n\t\t\t\t<div class=\"elementor-widget-container\">\n\t\t\t\t\t\t\t<div class=\"elementor-image-gallery\">\n\t\t\t<div id='gallery-1' class='gallery galleryid-4940 gallery-columns-2 gallery-size-woosq'><figure class='gallery-item'>\n\t\t\t<div class='gallery-icon landscape'>\n\t\t\t\t<a data-elementor-open-lightbox=\"no\" href='https:\/\/yegem.org.tr\/wp-content\/uploads\/2025\/05\/WhatsApp-Gorsel-2025-05-24-saat-00.05.25_44c6cb6b.jpg'><img fetchpriority=\"high\" decoding=\"async\" width=\"460\" height=\"460\" src=\"https:\/\/yegem.org.tr\/wp-content\/uploads\/2025\/05\/WhatsApp-Gorsel-2025-05-24-saat-00.05.25_44c6cb6b-460x460.jpg\" class=\"attachment-woosq size-woosq\" alt=\"\" srcset=\"https:\/\/yegem.org.tr\/wp-content\/uploads\/2025\/05\/WhatsApp-Gorsel-2025-05-24-saat-00.05.25_44c6cb6b-460x460.jpg 460w, https:\/\/yegem.org.tr\/wp-content\/uploads\/2025\/05\/WhatsApp-Gorsel-2025-05-24-saat-00.05.25_44c6cb6b-150x150.jpg 150w, https:\/\/yegem.org.tr\/wp-content\/uploads\/2025\/05\/WhatsApp-Gorsel-2025-05-24-saat-00.05.25_44c6cb6b-85x85.jpg 85w, https:\/\/yegem.org.tr\/wp-content\/uploads\/2025\/05\/WhatsApp-Gorsel-2025-05-24-saat-00.05.25_44c6cb6b-580x580.jpg 580w, https:\/\/yegem.org.tr\/wp-content\/uploads\/2025\/05\/WhatsApp-Gorsel-2025-05-24-saat-00.05.25_44c6cb6b-300x300.jpg 300w, https:\/\/yegem.org.tr\/wp-content\/uploads\/2025\/05\/WhatsApp-Gorsel-2025-05-24-saat-00.05.25_44c6cb6b-100x100.jpg 100w\" sizes=\"(max-width: 460px) 100vw, 460px\" \/><\/a>\n\t\t\t<\/div><\/figure><figure class='gallery-item'>\n\t\t\t<div class='gallery-icon portrait'>\n\t\t\t\t<a data-elementor-open-lightbox=\"no\" href='https:\/\/yegem.org.tr\/wp-content\/uploads\/2025\/05\/WhatsApp-Gorsel-2025-05-24-saat-00.05.25_8414b620.jpg'><img decoding=\"async\" width=\"460\" height=\"460\" src=\"https:\/\/yegem.org.tr\/wp-content\/uploads\/2025\/05\/WhatsApp-Gorsel-2025-05-24-saat-00.05.25_8414b620-460x460.jpg\" class=\"attachment-woosq size-woosq\" alt=\"\" srcset=\"https:\/\/yegem.org.tr\/wp-content\/uploads\/2025\/05\/WhatsApp-Gorsel-2025-05-24-saat-00.05.25_8414b620-460x460.jpg 460w, https:\/\/yegem.org.tr\/wp-content\/uploads\/2025\/05\/WhatsApp-Gorsel-2025-05-24-saat-00.05.25_8414b620-150x150.jpg 150w, https:\/\/yegem.org.tr\/wp-content\/uploads\/2025\/05\/WhatsApp-Gorsel-2025-05-24-saat-00.05.25_8414b620-85x85.jpg 85w, https:\/\/yegem.org.tr\/wp-content\/uploads\/2025\/05\/WhatsApp-Gorsel-2025-05-24-saat-00.05.25_8414b620-580x580.jpg 580w, https:\/\/yegem.org.tr\/wp-content\/uploads\/2025\/05\/WhatsApp-Gorsel-2025-05-24-saat-00.05.25_8414b620-300x300.jpg 300w, https:\/\/yegem.org.tr\/wp-content\/uploads\/2025\/05\/WhatsApp-Gorsel-2025-05-24-saat-00.05.25_8414b620-100x100.jpg 100w\" sizes=\"(max-width: 460px) 100vw, 460px\" \/><\/a>\n\t\t\t<\/div><\/figure>\n\t\t<\/div>\n\t\t<\/div>\n\t\t\t\t\t\t<\/div>\n\t\t\t\t<\/div>\n\t\t\t\t\t<\/div>\n\t\t\t\t<\/div>\n\t\t\t\t<\/div>\n\t\t","protected":false},"excerpt":{"rendered":"<p>YEGEM Derne\u011fi \u2013 E\u011fitim Hamili\u011fi Program\u0131 E\u011fitim, yoksullu\u011fun zincirini k\u0131ran en g\u00fc\u00e7l\u00fc anahtard\u0131r. Ancak imk\u00e2ns\u0131zl\u0131klar nedeniyle pek \u00e7ok \u00e7ocuk, hayallerine veda etmek zorunda kal\u0131yor. YEGEM Derne\u011fi olarak bu zinciri k\u0131rmak, \u00e7ocuklar\u0131m\u0131z\u0131n gelece\u011fini yeniden in\u015fa etmek i\u00e7in\u00a0E\u011fitim Hamili\u011fi Program\u0131n\u0131 hayata ge\u00e7iriyoruz. Bu programla; ihtiya\u00e7 sahibi, yetim ya da dezavantajl\u0131 \u00f6\u011frencilerin e\u011fitim hayatlar\u0131 boyunca maddi ve manevi&#8230;<\/p>\n","protected":false},"author":1,"featured_media":0,"parent":0,"menu_order":0,"comment_status":"closed","ping_status":"closed","template":"","meta":{"give_campaign_id":0,"_monsterinsights_skip_tracking":false,"_monsterinsights_sitenote_active":false,"_monsterinsights_sitenote_note":"","_monsterinsights_sitenote_category":0,"footnotes":""},"class_list":["post-4940","page","type-page","status-publish","hentry","page--item"],"aioseo_notices":[],"campaignId":"","_links":{"self":[{"href":"https:\/\/yegem.org.tr\/index.php\/wp-json\/wp\/v2\/pages\/4940","targetHints":{"allow":["GET"]}}],"collection":[{"href":"https:\/\/yegem.org.tr\/index.php\/wp-json\/wp\/v2\/pages"}],"about":[{"href":"https:\/\/yegem.org.tr\/index.php\/wp-json\/wp\/v2\/types\/page"}],"author":[{"embeddable":true,"href":"https:\/\/yegem.org.tr\/index.php\/wp-json\/wp\/v2\/users\/1"}],"replies":[{"embeddable":true,"href":"https:\/\/yegem.org.tr\/index.php\/wp-json\/wp\/v2\/comments?post=4940"}],"version-history":[{"count":7,"href":"https:\/\/yegem.org.tr\/index.php\/wp-json\/wp\/v2\/pages\/4940\/revisions"}],"predecessor-version":[{"id":4950,"href":"https:\/\/yegem.org.tr\/index.php\/wp-json\/wp\/v2\/pages\/4940\/revisions\/4950"}],"wp:attachment":[{"href":"https:\/\/yegem.org.tr\/index.php\/wp-json\/wp\/v2\/media?parent=4940"}],"curies":[{"name":"wp","href":"https:\/\/api.w.org\/{rel}","templated":true}]}}