{"id":4941,"date":"2025-05-26T18:13:03","date_gmt":"2025-05-26T18:13:03","guid":{"rendered":"https:\/\/yegem.org.tr\/?page_id=4941"},"modified":"2025-05-26T18:22:29","modified_gmt":"2025-05-26T18:22:29","slug":"yetim-ceyiz-bagisi","status":"publish","type":"page","link":"https:\/\/yegem.org.tr\/index.php\/yetim-ceyiz-bagisi\/","title":{"rendered":"Yetim \u00c7eyiz Ba\u011f\u0131\u015f\u0131"},"content":{"rendered":"\t\t<div data-elementor-type=\"wp-post\" data-elementor-id=\"4941\" class=\"elementor elementor-4941\">\n\t\t\t\t<div class=\"elementor-element elementor-element-1cfca69 e-con-full e-flex e-con e-parent\" data-id=\"1cfca69\" data-element_type=\"container\">\n\t\t\n\t\t<div class=\"elementor-element elementor-element-88d434c elementor-widget elementor-widget-text-editor\" data-id=\"88d434c\" data-element_type=\"widget\" data-widget_type=\"text-editor.default\">\n\t\t\t\t<div class=\"elementor-widget-container\">\n\t\t\t\t\t\t\t\t\t<h3 class=\"wp-block-heading\"><strong>GELECE\u011eE UMUT OLUN<\/strong><\/h3>\n<p>YEGEM Derne\u011fi olarak; anne veya babas\u0131n\u0131 kaybetmi\u015f, hayata dezavantajl\u0131 ba\u015flayan gen\u00e7 k\u0131zlar\u0131m\u0131z\u0131n yuva kurma hayallerine destek oluyoruz.<br><strong>Yetim \u00c7eyiz Ba\u011f\u0131\u015f\u0131<\/strong>&nbsp;projemiz ile, evlilik haz\u0131rl\u0131\u011f\u0131 yapan yetim ve ihtiya\u00e7 sahibi gen\u00e7 k\u0131zlar\u0131m\u0131za \u00e7eyiz deste\u011fi sa\u011fl\u0131yor, onlar\u0131n mutlulu\u011funa ortak oluyoruz.<\/p>\n<p>Bu anlaml\u0131 yolculukta siz de bir katk\u0131da bulunarak, bir gencin hayat\u0131nda silinmeyecek bir iz b\u0131rakabilirsiniz.<br>Ba\u011f\u0131\u015flad\u0131\u011f\u0131n\u0131z her destek; nevresim tak\u0131m\u0131ndan mutfak e\u015fyalar\u0131na, hal\u0131dan perdelerine kadar bir \u00e7eyizi tamamlamak i\u00e7in kullan\u0131l\u0131yor.<\/p>\n<hr class=\"wp-block-separator has-alpha-channel-opacity\">\n<h3 class=\"wp-block-heading\"><strong>BA\u011eI\u015eLAR NASIL ULA\u015eTIRILIYOR? \u2013 \u015eEFFAF VE G\u00dcVEN\u0130L\u0130R DESTEK<\/strong><\/h3>\n<p>YEGEM Derne\u011fi olarak, bize emanet etti\u011finiz her kuru\u015fu titizlikle ve \u015feffafl\u0131kla ihtiya\u00e7 sahiplerine ula\u015ft\u0131r\u0131yoruz.<br><strong>Yetim \u00c7eyiz Projesi<\/strong>&nbsp;kapsam\u0131nda:<\/p>\n<ul class=\"wp-block-list\">\n<li>\u00d6ncelikle yerel g\u00f6n\u00fcll\u00fclerimiz arac\u0131l\u0131\u011f\u0131yla ihtiya\u00e7 sahibi gen\u00e7 k\u0131zlar\u0131m\u0131z tespit ediliyor.<\/li>\n<li>Her bir \u00e7eyiz seti, ba\u011f\u0131\u015f miktar\u0131na g\u00f6re \u00f6zenle haz\u0131rlan\u0131yor ve ihtiya\u00e7 sahibine elden teslim ediliyor.<\/li>\n<li>Teslim s\u0131ras\u0131nda ba\u011f\u0131\u015f\u00e7\u0131lar\u0131m\u0131za bilgilendirme mesaj\u0131 g\u00f6nderiliyor, dilerse teslimat foto\u011fraf\u0131 ve raporu iletiliyor.<\/li>\n<li>Dileyen ba\u011f\u0131\u015f\u00e7\u0131lar, \u00e7eyiz teslimine bizzat kat\u0131labiliyor veya isme \u00f6zel ba\u011f\u0131\u015f da yapabiliyor.<\/li>\n<\/ul>\n<p>Bu s\u00fcre\u00e7 tamamen \u015feffaf ve kay\u0131t alt\u0131ndad\u0131r. Siz ba\u011f\u0131\u015f yaparken g\u00f6nl\u00fcn\u00fcz rahat, biz emanetlerinizi ula\u015ft\u0131r\u0131rken sorumlulu\u011fumuz b\u00fcy\u00fck.<\/p>\n<hr class=\"wp-block-separator has-alpha-channel-opacity\">\n<h3 class=\"wp-block-heading\">\ud83d\udc9d&nbsp;<strong>Ba\u011f\u0131\u015flar\u0131n\u0131z\u0131 a\u015fa\u011f\u0131da verilen IBAN numaras\u0131na yapabilirsiniz:<\/strong><\/h3>\n<p><strong>Banka:&nbsp;<\/strong><strong><img decoding=\"async\" class=\"wp-image-4908 alignnone\" src=\"https:\/\/yegem.org.tr\/wp-content\/uploads\/2025\/05\/albaraka_logo.png\" alt=\"\" width=\"112\" height=\"28\" srcset=\"https:\/\/yegem.org.tr\/wp-content\/uploads\/2025\/05\/albaraka_logo.png 300w, https:\/\/yegem.org.tr\/wp-content\/uploads\/2025\/05\/albaraka_logo-294x75.png 294w\" sizes=\"(max-width: 112px) 100vw, 112px\" \/><\/strong><strong>Albarakat\u00fcrk<\/strong><\/p>\n<p><strong>IBAN:<\/strong> TR65 0020 3000 1032 3150 0000&nbsp;01<\/p>\n<p><strong data-start=\"1718\" data-end=\"1731\">A\u00e7\u0131klama:<\/strong> &#8220;Yetim \u00c7eyiz Ba\u011f\u0131\u015f\u0131&#8221;<\/p>\n<p><strong>Al\u0131c\u0131 Ad\u0131-Soyad\u0131: <\/strong>Uluslararas\u0131 Yeni Nesil Gen\u00e7lik ve E\u011fitim&nbsp;Derne\u011fi<\/p>\t\t\t\t\t\t\t\t<\/div>\n\t\t\t\t<\/div>\n\t\t\t\t<\/div>\n\t\t<div class=\"elementor-element elementor-element-073d375 e-flex e-con-boxed e-con e-parent\" data-id=\"073d375\" data-element_type=\"container\">\n\t\t\t\t\t<div class=\"e-con-inner\">\n\t\t\t\t<div class=\"elementor-element elementor-element-e7ec157 gallery-spacing-custom elementor-widget elementor-widget-image-gallery\" data-id=\"e7ec157\" data-element_type=\"widget\" data-widget_type=\"image-gallery.default\">\n\t\t\t\t<div class=\"elementor-widget-container\">\n\t\t\t\t\t\t\t<div class=\"elementor-image-gallery\">\n\t\t\t<div id='gallery-1' class='gallery galleryid-4941 gallery-columns-2 gallery-size-full'><figure class='gallery-item'>\n\t\t\t<div class='gallery-icon portrait'>\n\t\t\t\t<a data-elementor-open-lightbox=\"yes\" data-elementor-lightbox-slideshow=\"e7ec157\" data-elementor-lightbox-title=\"WhatsApp G\u00f6rsel 2025-05-24 saat 00.06.55_9912e75e\" data-e-action-hash=\"#elementor-action%3Aaction%3Dlightbox%26settings%3DeyJpZCI6NDk1OCwidXJsIjoiaHR0cHM6XC9cL3llZ2VtLm9yZy50clwvd3AtY29udGVudFwvdXBsb2Fkc1wvMjAyNVwvMDVcL1doYXRzQXBwLUdvcnNlbC0yMDI1LTA1LTI0LXNhYXQtMDAuMDYuNTVfOTkxMmU3NWUuanBnIiwic2xpZGVzaG93IjoiZTdlYzE1NyJ9\" href='https:\/\/yegem.org.tr\/wp-content\/uploads\/2025\/05\/WhatsApp-Gorsel-2025-05-24-saat-00.06.55_9912e75e.jpg'><img fetchpriority=\"high\" decoding=\"async\" width=\"1080\" height=\"1350\" src=\"https:\/\/yegem.org.tr\/wp-content\/uploads\/2025\/05\/WhatsApp-Gorsel-2025-05-24-saat-00.06.55_9912e75e.jpg\" class=\"attachment-full size-full\" alt=\"\" srcset=\"https:\/\/yegem.org.tr\/wp-content\/uploads\/2025\/05\/WhatsApp-Gorsel-2025-05-24-saat-00.06.55_9912e75e.jpg 1080w, https:\/\/yegem.org.tr\/wp-content\/uploads\/2025\/05\/WhatsApp-Gorsel-2025-05-24-saat-00.06.55_9912e75e-240x300.jpg 240w, https:\/\/yegem.org.tr\/wp-content\/uploads\/2025\/05\/WhatsApp-Gorsel-2025-05-24-saat-00.06.55_9912e75e-819x1024.jpg 819w, https:\/\/yegem.org.tr\/wp-content\/uploads\/2025\/05\/WhatsApp-Gorsel-2025-05-24-saat-00.06.55_9912e75e-768x960.jpg 768w, https:\/\/yegem.org.tr\/wp-content\/uploads\/2025\/05\/WhatsApp-Gorsel-2025-05-24-saat-00.06.55_9912e75e-600x750.jpg 600w\" sizes=\"(max-width: 1080px) 100vw, 1080px\" \/><\/a>\n\t\t\t<\/div><\/figure><figure class='gallery-item'>\n\t\t\t<div class='gallery-icon portrait'>\n\t\t\t\t<a data-elementor-open-lightbox=\"yes\" data-elementor-lightbox-slideshow=\"e7ec157\" data-elementor-lightbox-title=\"WhatsApp G\u00f6rsel 2025-05-24 saat 00.06.55_0ccc11e4\" data-e-action-hash=\"#elementor-action%3Aaction%3Dlightbox%26settings%3DeyJpZCI6NDk1NywidXJsIjoiaHR0cHM6XC9cL3llZ2VtLm9yZy50clwvd3AtY29udGVudFwvdXBsb2Fkc1wvMjAyNVwvMDVcL1doYXRzQXBwLUdvcnNlbC0yMDI1LTA1LTI0LXNhYXQtMDAuMDYuNTVfMGNjYzExZTQuanBnIiwic2xpZGVzaG93IjoiZTdlYzE1NyJ9\" href='https:\/\/yegem.org.tr\/wp-content\/uploads\/2025\/05\/WhatsApp-Gorsel-2025-05-24-saat-00.06.55_0ccc11e4.jpg'><img decoding=\"async\" width=\"1536\" height=\"2048\" src=\"https:\/\/yegem.org.tr\/wp-content\/uploads\/2025\/05\/WhatsApp-Gorsel-2025-05-24-saat-00.06.55_0ccc11e4.jpg\" class=\"attachment-full size-full\" alt=\"\" srcset=\"https:\/\/yegem.org.tr\/wp-content\/uploads\/2025\/05\/WhatsApp-Gorsel-2025-05-24-saat-00.06.55_0ccc11e4.jpg 1536w, https:\/\/yegem.org.tr\/wp-content\/uploads\/2025\/05\/WhatsApp-Gorsel-2025-05-24-saat-00.06.55_0ccc11e4-225x300.jpg 225w, https:\/\/yegem.org.tr\/wp-content\/uploads\/2025\/05\/WhatsApp-Gorsel-2025-05-24-saat-00.06.55_0ccc11e4-768x1024.jpg 768w, https:\/\/yegem.org.tr\/wp-content\/uploads\/2025\/05\/WhatsApp-Gorsel-2025-05-24-saat-00.06.55_0ccc11e4-1152x1536.jpg 1152w, https:\/\/yegem.org.tr\/wp-content\/uploads\/2025\/05\/WhatsApp-Gorsel-2025-05-24-saat-00.06.55_0ccc11e4-600x800.jpg 600w\" sizes=\"(max-width: 1536px) 100vw, 1536px\" \/><\/a>\n\t\t\t<\/div><\/figure>\n\t\t<\/div>\n\t\t<\/div>\n\t\t\t\t\t\t<\/div>\n\t\t\t\t<\/div>\n\t\t\t\t\t<\/div>\n\t\t\t\t<\/div>\n\t\t\t\t<\/div>\n\t\t","protected":false},"excerpt":{"rendered":"<p>GELECE\u011eE UMUT OLUN YEGEM Derne\u011fi olarak; anne veya babas\u0131n\u0131 kaybetmi\u015f, hayata dezavantajl\u0131 ba\u015flayan gen\u00e7 k\u0131zlar\u0131m\u0131z\u0131n yuva kurma hayallerine destek oluyoruz.Yetim \u00c7eyiz Ba\u011f\u0131\u015f\u0131&nbsp;projemiz ile, evlilik haz\u0131rl\u0131\u011f\u0131 yapan yetim ve ihtiya\u00e7 sahibi gen\u00e7 k\u0131zlar\u0131m\u0131za \u00e7eyiz deste\u011fi sa\u011fl\u0131yor, onlar\u0131n mutlulu\u011funa ortak oluyoruz. Bu anlaml\u0131 yolculukta siz de bir katk\u0131da bulunarak, bir gencin hayat\u0131nda silinmeyecek bir iz b\u0131rakabilirsiniz.Ba\u011f\u0131\u015flad\u0131\u011f\u0131n\u0131z her&#8230;<\/p>\n","protected":false},"author":1,"featured_media":0,"parent":0,"menu_order":0,"comment_status":"closed","ping_status":"closed","template":"","meta":{"give_campaign_id":0,"_monsterinsights_skip_tracking":false,"_monsterinsights_sitenote_active":false,"_monsterinsights_sitenote_note":"","_monsterinsights_sitenote_category":0,"footnotes":""},"class_list":["post-4941","page","type-page","status-publish","hentry","page--item"],"aioseo_notices":[],"campaignId":"","_links":{"self":[{"href":"https:\/\/yegem.org.tr\/index.php\/wp-json\/wp\/v2\/pages\/4941","targetHints":{"allow":["GET"]}}],"collection":[{"href":"https:\/\/yegem.org.tr\/index.php\/wp-json\/wp\/v2\/pages"}],"about":[{"href":"https:\/\/yegem.org.tr\/index.php\/wp-json\/wp\/v2\/types\/page"}],"author":[{"embeddable":true,"href":"https:\/\/yegem.org.tr\/index.php\/wp-json\/wp\/v2\/users\/1"}],"replies":[{"embeddable":true,"href":"https:\/\/yegem.org.tr\/index.php\/wp-json\/wp\/v2\/comments?post=4941"}],"version-history":[{"count":7,"href":"https:\/\/yegem.org.tr\/index.php\/wp-json\/wp\/v2\/pages\/4941\/revisions"}],"predecessor-version":[{"id":4972,"href":"https:\/\/yegem.org.tr\/index.php\/wp-json\/wp\/v2\/pages\/4941\/revisions\/4972"}],"wp:attachment":[{"href":"https:\/\/yegem.org.tr\/index.php\/wp-json\/wp\/v2\/media?parent=4941"}],"curies":[{"name":"wp","href":"https:\/\/api.w.org\/{rel}","templated":true}]}}