{"id":4973,"date":"2025-05-26T18:23:10","date_gmt":"2025-05-26T18:23:10","guid":{"rendered":"https:\/\/yegem.org.tr\/?page_id=4973"},"modified":"2025-05-26T18:31:30","modified_gmt":"2025-05-26T18:31:30","slug":"zekat-bagisi","status":"publish","type":"page","link":"https:\/\/yegem.org.tr\/index.php\/zekat-bagisi\/","title":{"rendered":"Zekat Ba\u011f\u0131\u015f\u0131"},"content":{"rendered":"\t\t<div data-elementor-type=\"wp-post\" data-elementor-id=\"4973\" class=\"elementor elementor-4973\">\n\t\t\t\t<div class=\"elementor-element elementor-element-b1b1126 e-flex e-con-boxed e-con e-parent\" data-id=\"b1b1126\" data-element_type=\"container\">\n\t\t\t\t\t<div class=\"e-con-inner\">\n\t\t\t\t\t<\/div>\n\t\t\t\t<\/div>\n\t\t<div class=\"elementor-element elementor-element-1cfca69 e-con-full e-flex e-con e-parent\" data-id=\"1cfca69\" data-element_type=\"container\">\n\t\t\n\t\t<div class=\"elementor-element elementor-element-88d434c elementor-widget elementor-widget-text-editor\" data-id=\"88d434c\" data-element_type=\"widget\" data-widget_type=\"text-editor.default\">\n\t\t\t\t<div class=\"elementor-widget-container\">\n\t\t\t\t\t\t\t\t\t<h3 class=\"wp-block-heading\">\ud83d\udca0\u00a0<strong>Zek\u00e2t Ba\u011f\u0131\u015flar\u0131n\u0131z Nerelerde Kullan\u0131l\u0131yor?<\/strong><\/h3><p>Zek\u00e2tlar\u0131n\u0131z, \u0130slami \u00f6l\u00e7\u00fclere uygun olarak a\u015fa\u011f\u0131daki alanlarda de\u011ferlendirilmektedir:<\/p><p>\u2705 Yoksul ve muhta\u00e7 ailelere nakdi destek<br \/>\u2705 Yetim ve \u00f6\u011frencilere burs yard\u0131m\u0131<br \/>\u2705 Bor\u00e7lu ve ihtiya\u00e7 i\u00e7inde olanlara maddi yard\u0131m<br \/>\u2705 Yaln\u0131z ve kimsesizlere g\u0131da, giyim ve temel ihtiya\u00e7 deste\u011fi<br \/>\u2705 E\u011fitim, bar\u0131nma ve sa\u011fl\u0131k gibi hayati ihtiya\u00e7lara katk\u0131<\/p><hr class=\"wp-block-separator has-alpha-channel-opacity\" \/><h3 class=\"wp-block-heading\">\ud83d\udd0d\u00a0<strong>Zek\u00e2tlar\u0131n\u0131z Nas\u0131l Ula\u015ft\u0131r\u0131l\u0131yor?<\/strong><\/h3><ul class=\"wp-block-list\"><li>T\u00fcm zek\u00e2t ba\u011f\u0131\u015flar\u0131, f\u0131k\u0131h kurallar\u0131na uygun \u015fekilde tasnif edilip sadece hak sahiplerine ula\u015ft\u0131r\u0131l\u0131r.<\/li><li>Yard\u0131mlar, YEGEM\u2019in saha ekipleri ve sosyal hizmet uzmanlar\u0131 taraf\u0131ndan g\u00fcvenle ger\u00e7ekle\u015ftirilir.<\/li><li>Dilerseniz yapt\u0131\u011f\u0131n\u0131z ba\u011f\u0131\u015flarla ilgili bilgilendirme ve kullan\u0131m raporu taraf\u0131n\u0131za iletilir.<\/li><li>S\u00fcre\u00e7 tamamen \u015feffafl\u0131k ilkesiyle y\u00fcr\u00fct\u00fcl\u00fcr.<\/li><\/ul><hr class=\"wp-block-separator has-alpha-channel-opacity\" \/><h3 class=\"wp-block-heading\">\ud83d\udccc\u00a0<strong>Zek\u00e2t\u0131n\u0131z\u0131 G\u00fcvenle Emanet Edece\u011finiz Adres: YEGEM<\/strong><\/h3><p>Zek\u00e2t, bir farzd\u0131r. Emanetinizi g\u00fcvenle teslim edebilece\u011finiz bir kuruma ba\u011f\u0131\u015f yapmak ise b\u00fcy\u00fck bir sorumluluktur.<br \/>YEGEM Derne\u011fi olarak bu sorumlulu\u011fun bilincindeyiz.<\/p><hr class=\"wp-block-separator has-alpha-channel-opacity\" \/><h3 class=\"wp-block-heading\"><strong>Zek\u00e2t ba\u011f\u0131\u015flar\u0131n\u0131z\u0131 a\u015fa\u011f\u0131da verilen IBAN numaras\u0131na yapabilirsiniz:<\/strong><\/h3><p><strong>Ba\u011f\u0131\u015flar\u0131n\u0131z\u0131 a\u015fa\u011f\u0131da verilen IBAN numaras\u0131na yapabilirsiniz:<\/strong><\/p><p><strong>Banka:\u00a0<\/strong><strong><img decoding=\"async\" class=\"wp-image-4908 alignnone\" src=\"https:\/\/yegem.org.tr\/wp-content\/uploads\/2025\/05\/albaraka_logo.png\" sizes=\"(max-width: 112px) 100vw, 112px\" srcset=\"https:\/\/yegem.org.tr\/wp-content\/uploads\/2025\/05\/albaraka_logo.png 300w, https:\/\/yegem.org.tr\/wp-content\/uploads\/2025\/05\/albaraka_logo-294x75.png 294w\" alt=\"\" width=\"112\" height=\"28\" \/><\/strong><strong>Albarakat\u00fcrk<\/strong><\/p><p><strong>IBAN:<\/strong>\u00a0TR65 0020 3000 1032 3150 0000\u00a001<\/p><p><strong data-start=\"1718\" data-end=\"1731\">A\u00e7\u0131klama:<\/strong> \u201cZek\u00e2t\u201d<\/p><p><strong>Al\u0131c\u0131 Ad\u0131-Soyad\u0131:\u00a0<\/strong>Uluslararas\u0131 Yeni Nesil Gen\u00e7lik ve E\u011fitim\u00a0Derne\u011fi<\/p>\t\t\t\t\t\t\t\t<\/div>\n\t\t\t\t<\/div>\n\t\t\t\t<\/div>\n\t\t<div class=\"elementor-element elementor-element-2aae0af e-flex e-con-boxed e-con e-parent\" data-id=\"2aae0af\" data-element_type=\"container\">\n\t\t\t\t\t<div class=\"e-con-inner\">\n\t\t\t\t<div class=\"elementor-element elementor-element-2d594ed elementor-widget elementor-widget-image-gallery\" data-id=\"2d594ed\" data-element_type=\"widget\" data-widget_type=\"image-gallery.default\">\n\t\t\t\t<div class=\"elementor-widget-container\">\n\t\t\t\t\t\t\t<div class=\"elementor-image-gallery\">\n\t\t\t<div id='gallery-1' class='gallery galleryid-4973 gallery-columns-1 gallery-size-full'><figure class='gallery-item'>\n\t\t\t<div class='gallery-icon portrait'>\n\t\t\t\t<a data-elementor-open-lightbox=\"yes\" data-elementor-lightbox-slideshow=\"2d594ed\" data-elementor-lightbox-title=\"WhatsApp G\u00f6rsel 2025-05-21 saat 12.08.20_a02b05d5\" data-e-action-hash=\"#elementor-action%3Aaction%3Dlightbox%26settings%3DeyJpZCI6NDg1NSwidXJsIjoiaHR0cHM6XC9cL3llZ2VtLm9yZy50clwvd3AtY29udGVudFwvdXBsb2Fkc1wvMjAyNVwvMDVcL1doYXRzQXBwLUdvcnNlbC0yMDI1LTA1LTIxLXNhYXQtMTIuMDguMjBfYTAyYjA1ZDUuanBnIiwic2xpZGVzaG93IjoiMmQ1OTRlZCJ9\" href='https:\/\/yegem.org.tr\/wp-content\/uploads\/2025\/05\/WhatsApp-Gorsel-2025-05-21-saat-12.08.20_a02b05d5.jpg'><img fetchpriority=\"high\" decoding=\"async\" width=\"1536\" height=\"2048\" src=\"https:\/\/yegem.org.tr\/wp-content\/uploads\/2025\/05\/WhatsApp-Gorsel-2025-05-21-saat-12.08.20_a02b05d5.jpg\" class=\"attachment-full size-full\" alt=\"\" srcset=\"https:\/\/yegem.org.tr\/wp-content\/uploads\/2025\/05\/WhatsApp-Gorsel-2025-05-21-saat-12.08.20_a02b05d5.jpg 1536w, https:\/\/yegem.org.tr\/wp-content\/uploads\/2025\/05\/WhatsApp-Gorsel-2025-05-21-saat-12.08.20_a02b05d5-225x300.jpg 225w, https:\/\/yegem.org.tr\/wp-content\/uploads\/2025\/05\/WhatsApp-Gorsel-2025-05-21-saat-12.08.20_a02b05d5-768x1024.jpg 768w, https:\/\/yegem.org.tr\/wp-content\/uploads\/2025\/05\/WhatsApp-Gorsel-2025-05-21-saat-12.08.20_a02b05d5-1152x1536.jpg 1152w, https:\/\/yegem.org.tr\/wp-content\/uploads\/2025\/05\/WhatsApp-Gorsel-2025-05-21-saat-12.08.20_a02b05d5-600x800.jpg 600w\" sizes=\"(max-width: 1536px) 100vw, 1536px\" \/><\/a>\n\t\t\t<\/div><\/figure>\n\t\t<\/div>\n\t\t<\/div>\n\t\t\t\t\t\t<\/div>\n\t\t\t\t<\/div>\n\t\t\t\t\t<\/div>\n\t\t\t\t<\/div>\n\t\t\t\t<\/div>\n\t\t","protected":false},"excerpt":{"rendered":"<p>\ud83d\udca0\u00a0Zek\u00e2t Ba\u011f\u0131\u015flar\u0131n\u0131z Nerelerde Kullan\u0131l\u0131yor? Zek\u00e2tlar\u0131n\u0131z, \u0130slami \u00f6l\u00e7\u00fclere uygun olarak a\u015fa\u011f\u0131daki alanlarda de\u011ferlendirilmektedir: \u2705 Yoksul ve muhta\u00e7 ailelere nakdi destek\u2705 Yetim ve \u00f6\u011frencilere burs yard\u0131m\u0131\u2705 Bor\u00e7lu ve ihtiya\u00e7 i\u00e7inde olanlara maddi yard\u0131m\u2705 Yaln\u0131z ve kimsesizlere g\u0131da, giyim ve temel ihtiya\u00e7 deste\u011fi\u2705 E\u011fitim, bar\u0131nma ve sa\u011fl\u0131k gibi hayati ihtiya\u00e7lara katk\u0131 \ud83d\udd0d\u00a0Zek\u00e2tlar\u0131n\u0131z Nas\u0131l Ula\u015ft\u0131r\u0131l\u0131yor? T\u00fcm zek\u00e2t ba\u011f\u0131\u015flar\u0131, f\u0131k\u0131h&#8230;<\/p>\n","protected":false},"author":1,"featured_media":0,"parent":0,"menu_order":0,"comment_status":"closed","ping_status":"closed","template":"","meta":{"give_campaign_id":0,"_monsterinsights_skip_tracking":false,"_monsterinsights_sitenote_active":false,"_monsterinsights_sitenote_note":"","_monsterinsights_sitenote_category":0,"footnotes":""},"class_list":["post-4973","page","type-page","status-publish","hentry","page--item"],"aioseo_notices":[],"campaignId":"","_links":{"self":[{"href":"https:\/\/yegem.org.tr\/index.php\/wp-json\/wp\/v2\/pages\/4973","targetHints":{"allow":["GET"]}}],"collection":[{"href":"https:\/\/yegem.org.tr\/index.php\/wp-json\/wp\/v2\/pages"}],"about":[{"href":"https:\/\/yegem.org.tr\/index.php\/wp-json\/wp\/v2\/types\/page"}],"author":[{"embeddable":true,"href":"https:\/\/yegem.org.tr\/index.php\/wp-json\/wp\/v2\/users\/1"}],"replies":[{"embeddable":true,"href":"https:\/\/yegem.org.tr\/index.php\/wp-json\/wp\/v2\/comments?post=4973"}],"version-history":[{"count":10,"href":"https:\/\/yegem.org.tr\/index.php\/wp-json\/wp\/v2\/pages\/4973\/revisions"}],"predecessor-version":[{"id":4996,"href":"https:\/\/yegem.org.tr\/index.php\/wp-json\/wp\/v2\/pages\/4973\/revisions\/4996"}],"wp:attachment":[{"href":"https:\/\/yegem.org.tr\/index.php\/wp-json\/wp\/v2\/media?parent=4973"}],"curies":[{"name":"wp","href":"https:\/\/api.w.org\/{rel}","templated":true}]}}